{"id":16,"date":"2024-01-29T16:48:23","date_gmt":"2024-01-29T16:48:23","guid":{"rendered":"https:\/\/startersites.io\/blocksy\/smile-dent\/?page_id=16"},"modified":"2025-09-02T00:42:33","modified_gmt":"2025-09-02T00:42:33","slug":"contact","status":"publish","type":"page","link":"https:\/\/afyonkonteyner.com.tr\/index.php\/contact\/","title":{"rendered":"\u0130LET\u0130\u015e\u0130M"},"content":{"rendered":"\n<div class=\"wp-block-greenshift-blocks-container gspb_container gspb_container-gsbp-b7a6313\" id=\"gspb_container-id-gsbp-b7a6313\"><div class=\"gspb_id-gsbp-7de8d3d wp-block-greenshift-blocks-map\"><div data-key=\"gspb_id_gsbp_7de8d3d\" class=\"gspb_map-wrapper gspb_osmap\" id=\"gspb_map-gsbp-7de8d3d\"><\/div><\/div><\/div>\n\n\n\n<div class=\"wp-block-greenshift-blocks-row gspb_row gspb_row-id-gsbp-6e2e20b gspb_row--gutter-custom-0\" id=\"gspb_row-id-gsbp-6e2e20b\"><div class=\"gspb_row__content\"> \n<div class=\"wp-block-greenshift-blocks-row-column gspb_row__col--6 gspb_row__col--md-12 gspb_col-id-gsbp-cb4d77e\" id=\"gspb_col-id-gsbp-cb4d77e\">\n<div class=\"wp-block-greenshift-blocks-iconbox gspb_iconBox gspb_iconBox-id-gsbp-45dde79\" id=\"gspb_iconBox-id-gsbp-45dde79\"><div class=\"gspb_iconBox__wrapper\" style=\"display:inline-flex\"><svg class=\"\" style=\"display:inline-block;vertical-align:middle\" width=\"72\" height=\"72\" viewBox=\"0 0 1024 1024\" xmlns=\"http:\/\/www.w3.org\/2000\/svg\"><path style=\"fill:#565D66\" d=\"M953 45.8l-188.4-43.4c-43.2-10-87.2 12.4-104.6 53.2l-87 203c-16 37.2-5.2 81.2 26.2 106.8l80 65.4c-57.2 104.8-143.6 191.2-248.4 248.2l-65.4-80c-25.6-31.4-69.6-42.2-106.8-26.2l-203.2 87c-40.8 17.4-63 61.4-53.2 104.6l43.4 188.4c9.6 41.8 46.4 71 89.2 71 489.8 0.2 889.2-396.4 889.2-888.8 0-42.8-29.2-79.6-71-89.2zM138.6 928l-41.8-181.4 196.4-84.2 111.4 136.2c197.6-92.8 301.2-196 394-394l-136.2-111.4 84.2-196.4 181.4 41.8c-2 435.2-354.2 787.4-789.4 789.4z\"><\/path><\/svg><\/div><\/div>\n\n\n\n<h2 id=\"gspb_heading-id-gsbp-ffac296\" class=\"gspb_heading gspb_heading-id-gsbp-ffac296 \">TELEFON<\/h2>\n\n\n\n<div id=\"gspb_text-id-gsbp-796777c\" class=\"gspb_text gspb_text-id-gsbp-796777c \"><a href=\"tel:05534443434\">0 553 444 34 34<\/a>\u00a0<strong>Konteyner<\/strong><br>0 532 349 79 97\u00a0<strong>Sandvi\u00e7 Panel<\/strong><\/div>\n\n\n\n<div class=\"wp-block-greenshift-blocks-iconbox gspb_iconBox gspb_iconBox-id-gsbp-e1f4a87\" id=\"gspb_iconBox-id-gsbp-e1f4a87\"><div class=\"gspb_iconBox__wrapper\" style=\"display:inline-flex\"><svg class=\"\" style=\"display:inline-block;vertical-align:middle\" width=\"72\" height=\"72\" viewBox=\"0 0 1024 1024\" xmlns=\"http:\/\/www.w3.org\/2000\/svg\"><path style=\"fill:#565D66\" d=\"M928 128h-832c-53 0-96 43-96 96v576c0 53 43 96 96 96h832c53 0 96-43 96-96v-576c0-53-43-96-96-96zM96 192h832c17.6 0 32 14.4 32 32v82.8c-43.8 37-106.4 88-301.2 242.6-33.8 26.8-100.4 91.4-146.8 90.6-46.4 0.8-113.2-63.8-146.8-90.6-194.8-154.6-257.4-205.6-301.2-242.6v-82.8c0-17.6 14.4-32 32-32zM928 832h-832c-17.6 0-32-14.4-32-32v-410c45.6 37.4 117.6 95.2 261.4 209.4 41 32.8 113.4 105 186.6 104.6 72.8 0.6 144.6-71 186.6-104.6 143.8-114.2 215.8-172 261.4-209.4v410c0 17.6-14.4 32-32 32z\"><\/path><\/svg><\/div><\/div>\n\n\n\n<h2 id=\"gspb_heading-id-gsbp-e3d6d52\" class=\"gspb_heading gspb_heading-id-gsbp-e3d6d52 \">E MA\u0130L<\/h2>\n\n\n\n<div id=\"gspb_text-id-gsbp-a6fe7af\" class=\"gspb_text gspb_text-id-gsbp-a6fe7af \">info@afyonkonteyner.com.tr<\/div>\n\n\n\n<div class=\"wp-block-greenshift-blocks-iconbox gspb_iconBox gspb_iconBox-id-gsbp-a03404c\" id=\"gspb_iconBox-id-gsbp-a03404c\"><div class=\"gspb_iconBox__wrapper\" style=\"display:inline-flex\"><svg class=\"\" style=\"display:inline-block;vertical-align:middle\" width=\"72\" height=\"72\" viewBox=\"0 0 768 1024\" xmlns=\"http:\/\/www.w3.org\/2000\/svg\"><path style=\"fill:#565D66\" d=\"M384 192c-105.87 0-192 86.13-192 192s86.13 192 192 192 192-86.13 192-192-86.13-192-192-192zM384 512c-70.58 0-128-57.42-128-128s57.42-128 128-128 128 57.42 128 128-57.42 128-128 128zM384 0c-212.078 0-384 171.922-384 384 0 154.826 53.94 198.062 344.536 619.34 19.068 27.544 59.858 27.548 78.93 0 290.594-421.278 344.534-464.514 344.534-619.34 0-212.078-171.922-384-384-384zM384 947.862c-278.59-402.886-320-434.874-320-563.862 0-85.476 33.286-165.834 93.726-226.274s140.798-93.726 226.274-93.726 165.834 33.286 226.274 93.726 93.726 140.798 93.726 226.274c0 128.98-41.384 160.94-320 563.862z\"><\/path><\/svg><\/div><\/div>\n\n\n\n<h2 id=\"gspb_heading-id-gsbp-eddc1ee\" class=\"gspb_heading gspb_heading-id-gsbp-eddc1ee \">ADRES<\/h2>\n\n\n\n<div id=\"gspb_text-id-gsbp-178d72b\" class=\"gspb_text gspb_text-id-gsbp-178d72b \">Yeni Emniyet M\u00fcd\u00fcrl\u00fc\u011f\u00fc Kar\u015f\u0131s\u0131 Erkmen Kasabas\u0131 AFYON\/MERKEZ<\/div>\n<\/div>\n\n\n\n<div class=\"wp-block-greenshift-blocks-row-column gspb_row__col--6 gspb_row__col--md-12 gspb_col-id-gsbp-46d49b7\" id=\"gspb_col-id-gsbp-46d49b7\">\n<h2 id=\"gspb_heading-id-gsbp-d1b4c76\" class=\"gspb_heading gspb_heading-id-gsbp-d1b4c76 \">FORMU DOLDUR SANA ULA\u015eALIM<\/h2>\n\n\n\n<div id=\"gspb_text-id-gsbp-2c13756\" class=\"gspb_text gspb_text-id-gsbp-2c13756 \">\u0130htiyac\u0131n\u0131za \u00f6zel konteyner, \u00e7elik yap\u0131 veya panel \u00e7\u00f6z\u00fcmleri hakk\u0131nda bilgi almak i\u00e7in formu doldurman\u0131z yeterli!<br>Uzman ekibimiz en k\u0131sa s\u00fcrede sizinle ileti\u015fime ge\u00e7erek sorular\u0131n\u0131z\u0131 yan\u0131tlayacak ve size en uygun \u00e7\u00f6z\u00fcm\u00fc sunacakt\u0131r.<\/div>\n\n\n<div class='fluentform ff-inherit-theme-style fluentform_wrapper_1  ff_guten_block ff_guten_block-1'><form data-form_id=\"1\" id=\"fluentform_1\" class=\"frm-fluent-form fluent_form_1 ff-el-form-top ff_form_instance_1_1 ff-form-loading ffs_inherit_theme\" data-form_instance=\"ff_form_instance_1_1\" method=\"POST\" ><fieldset  style=\"border: none!important;margin: 0!important;padding: 0!important;background-color: transparent!important;box-shadow: none!important;outline: none!important; min-inline-size: 100%;\">\n                    <legend class=\"ff_screen_reader_title\" style=\"display: block; margin: 0!important;padding: 0!important;height: 0!important;text-indent: -999999px;width: 0!important;overflow:hidden;\">Contact Form Demo<\/legend><input type='hidden' name='__fluent_form_embded_post_id' value='16' \/><input type=\"hidden\" id=\"_fluentform_1_fluentformnonce\" name=\"_fluentform_1_fluentformnonce\" value=\"5386aba776\" \/><input type=\"hidden\" name=\"_wp_http_referer\" value=\"\/index.php\/wp-json\/wp\/v2\/pages\/16\" \/><div data-name=\"ff_cn_id_1\"  class='ff-t-container ff-column-container ff_columns_total_2 '><div class='ff-t-cell ff-t-column-1' style='flex-basis: 50%;'><div data-type=\"name-element\" class=\" ff-field_container ff-name-field-wrapper\" ><div class='ff-t-container'><div class='ff-t-cell '><div class='ff-el-group'><div class=\"ff-el-input--label ff-el-is-required asterisk-right\"><label for='ff_1__first_name_' id='label_ff_1__first_name_' >\u0130S\u0130M SOY\u0130S\u0130M<\/label><\/div><div class='ff-el-input--content'><input type=\"text\" name=\"[first_name]\" id=\"ff_1__first_name_\" class=\"ff-el-form-control\" aria-invalid=\"false\" aria-required=true><\/div><\/div><\/div><\/div><\/div><\/div><div class='ff-t-cell ff-t-column-2' style='flex-basis: 50%;'><div class='ff-el-group'><div class=\"ff-el-input--label ff-el-is-required asterisk-right\"><label for='ff_1_input_text' id='label_ff_1_input_text' aria-label=\"TELEFON\">TELEFON<\/label><\/div><div class='ff-el-input--content'><input type=\"text\" name=\"input_text\" class=\"ff-el-form-control\" data-name=\"input_text\" id=\"ff_1_input_text\"  aria-invalid=\"false\" aria-required=true><\/div><\/div><\/div><\/div><div data-name=\"ff_cn_id_2\"  class='ff-t-container ff-column-container ff_columns_total_2 '><div class='ff-t-cell ff-t-column-1' style='flex-basis: 50%;'><div class='ff-el-group'><div class=\"ff-el-input--label ff-el-is-required asterisk-right\"><label for='ff_1_email' id='label_ff_1_email' aria-label=\"Email\">Email<\/label><\/div><div class='ff-el-input--content'><input type=\"email\" name=\"email\" id=\"ff_1_email\" class=\"ff-el-form-control\" placeholder=\"Email\" data-name=\"email\"  aria-invalid=\"false\" aria-required=true><\/div><\/div><\/div><div class='ff-t-cell ff-t-column-2' style='flex-basis: 50%;'><div class='ff-el-group'><div class=\"ff-el-input--label ff-el-is-required asterisk-right\"><label for='ff_1_multi_select' id='label_ff_1_multi_select' aria-label=\"SE\u00c7\u0130N\u0130Z\">SE\u00c7\u0130N\u0130Z<\/label><\/div><div class='ff-el-input--content'><select name=\"multi_select[]\" id=\"ff_1_multi_select\" class=\"ff-el-form-control  ff_has_multi_select\" multiple=\"1\" data-name=\"multi_select\" data-calc_value=\"0\"  aria-invalid=\"false\" aria-required=\"true\" aria-labelledby=\"label_ff_1_multi_select\"><option value=\"KONTEYNER\"  >KONTEYNER<\/option><option value=\"SANDV\u0130\u00c7 PANEL\"  >SANDV\u0130\u00c7 PANEL<\/option><option value=\"\u00c7EL\u0130K KONSTR\u00dcKS\u0130YON\"  >\u00c7EL\u0130K KONSTR\u00dcKS\u0130YON<\/option><\/select><\/div><\/div><\/div><\/div><div class='ff-el-group'><div class=\"ff-el-input--label asterisk-right\"><label for='ff_1_message' id='label_ff_1_message' aria-label=\"MESAJINIZ\">MESAJINIZ<\/label><\/div><div class='ff-el-input--content'><textarea aria-required=\"false\" aria-labelledby=\"label_ff_1_message\" name=\"message\" id=\"ff_1_message\" class=\"ff-el-form-control\" rows=\"4\" cols=\"2\" data-name=\"message\" ><\/textarea><\/div><\/div><div class='ff-el-group ff-text-left ff_submit_btn_wrapper'><button type=\"submit\" class=\"ff-btn ff-btn-submit ff-btn-md ff_btn_no_style\"  aria-label=\"G\u00d6NDER\">G\u00d6NDER<\/button><\/div><\/fieldset><\/form><div id='fluentform_1_errors' class='ff-errors-in-stack ff_form_instance_1_1 ff-form-loading_errors ff_form_instance_1_1_errors'><\/div><\/div>            <script type=\"text\/javascript\">\n                window.fluent_form_ff_form_instance_1_1 = {\"id\":\"1\",\"ajaxUrl\":\"https:\\\/\\\/afyonkonteyner.com.tr\\\/wp-admin\\\/admin-ajax.php\",\"settings\":{\"layout\":{\"labelPlacement\":\"top\",\"helpMessagePlacement\":\"with_label\",\"errorMessagePlacement\":\"inline\",\"cssClassName\":\"\",\"asteriskPlacement\":\"asterisk-right\"},\"restrictions\":{\"denyEmptySubmission\":{\"enabled\":false}}},\"form_instance\":\"ff_form_instance_1_1\",\"form_id_selector\":\"fluentform_1\",\"rules\":{\"[first_name]\":{\"required\":{\"value\":true,\"message\":\"This field is required\",\"global\":false,\"global_message\":\"This field is required\"}},\"[middle_name]\":{\"required\":{\"value\":false,\"message\":\"This field is required\",\"global\":false,\"global_message\":\"This field is required\"}},\"[last_name]\":{\"required\":{\"value\":false,\"message\":\"This field is required\",\"global\":false,\"global_message\":\"This field is required\"}},\"input_text\":{\"required\":{\"value\":true,\"message\":\"This field is required\",\"global_message\":\"This field is required\",\"global\":true}},\"email\":{\"required\":{\"value\":true,\"message\":\"This field is required\",\"global_message\":\"This field is required\",\"global\":true},\"email\":{\"value\":true,\"message\":\"This field must contain a valid email\",\"global_message\":\"This field must contain a valid email\",\"global\":true}},\"multi_select\":{\"required\":{\"value\":true,\"message\":\"This field is required\",\"global_message\":\"This field is required\",\"global\":true}},\"message\":{\"required\":{\"value\":false,\"message\":\"This field is required\",\"global\":false,\"global_message\":\"This field is required\"}}},\"debounce_time\":300};\n                            <\/script>\n            <\/div>\n <\/div><\/div>\n\n\n\n<div class=\"wp-block-greenshift-blocks-container alignfull gspb_container gspb_container-gsbp-318027b\" id=\"gspb_container-id-gsbp-318027b\"><\/div>\n","protected":false},"excerpt":{"rendered":"","protected":false},"author":1,"featured_media":0,"parent":0,"menu_order":0,"comment_status":"closed","ping_status":"closed","template":"","meta":{"_gspb_post_css":".gspb_container-id-gsbp-b7a6313{flex-direction:column;box-sizing:border-box}#gspb_container-id-gsbp-318027b.gspb_container>p:last-of-type,#gspb_container-id-gsbp-b7a6313.gspb_container>p:last-of-type{margin-bottom:0}#gspb_container-id-gsbp-b7a6313.gspb_container{position:relative;margin-bottom:0;padding:80px}@media (max-width:991.98px){#gspb_container-id-gsbp-b7a6313.gspb_container{margin-bottom:80px;padding:50px}}@media (max-width:575.98px){#gspb_container-id-gsbp-b7a6313.gspb_container{margin-bottom:60px;padding:35px}}#gspb_container-id-gsbp-b7a6313.gspb_container,#gspb_container-id-gsbp-b7a6313.gspb_container>.gspb_backgroundOverlay{border-top-left-radius:40px;border-top-right-radius:40px;border-bottom-right-radius:40px;border-bottom-left-radius:40px}#gspb_container-id-gsbp-b7a6313.gspb_container{background-color:var(--wp--preset--color--palette-color-7, var(--theme-palette-color-7, #F7FAFD))}#gspb_row-id-gsbp-6e2e20b{justify-content:space-between;margin-top:0;display:flex;flex-wrap:wrap;margin-bottom:64px}#gspb_row-id-gsbp-6e2e20b>.gspb_row__content{display:flex;justify-content:space-between;margin:0 auto;width:100%;flex-wrap:wrap}.gspb_row{position:relative}div[id^=gspb_col-id]{box-sizing:border-box;position:relative;padding:var(--gs-row-column-padding, 15px min(3vw, 20px))}@media (max-width:991.98px){#gspb_row-id-gsbp-6e2e20b>.gspb_row__content{row-gap:80px}}@media (max-width:575.98px){#gspb_row-id-gsbp-6e2e20b>.gspb_row__content{row-gap:60px}}body.gspb-bodyfront #gspb_row-id-gsbp-6e2e20b>.gspb_row__content{width:var(--theme-container-width, 1200px);max-width:var(--theme-normal-container-max-width, 1200px)}@media (max-width:991.98px){#gspb_row-id-gsbp-6e2e20b{margin-bottom:80px}}@media (max-width:575.98px){#gspb_row-id-gsbp-6e2e20b{margin-bottom:60px}}#gspb_col-id-gsbp-cb4d77e.gspb_row__col--6{width:calc(50% - 40px)}@media (max-width:991.98px){#gspb_col-id-gsbp-cb4d77e.gspb_row__col--6{width:100%}}@media (max-width:767.98px){#gspb_col-id-gsbp-cb4d77e.gspb_row__col--6{width:calc(100% - 40px)}}@media (max-width:575.98px){#gspb_col-id-gsbp-cb4d77e.gspb_row__col--6{width:100%}}@media (min-width:992px){body.gspb-bodyfront #gspb_col-id-gsbp-cb4d77e.gspb_row__col--6{width:calc(45% - 0px - 40px)}}.gspb_row #gspb_col-id-gsbp-cb4d77e.gspb_row__col--6{padding:60px}@media (max-width:991.98px){.gspb_row #gspb_col-id-gsbp-cb4d77e.gspb_row__col--6{padding:50px}}@media (max-width:575.98px){.gspb_row #gspb_col-id-gsbp-cb4d77e.gspb_row__col--6{padding:35px}}#gspb_col-id-gsbp-cb4d77e.gspb_row__col--6{background-color:var(--wp--preset--color--border, #00000012)}#gspb_col-id-gsbp-cb4d77e.gspb_row__col--6,#gspb_col-id-gsbp-cb4d77e.gspb_row__col--6>.gspb_backgroundOverlay{border-top-left-radius:40px;border-top-right-radius:40px;border-bottom-right-radius:40px;border-bottom-left-radius:40px}#gspb_iconBox-id-gsbp-45dde79 svg{height:30px!important;width:30px!important;min-width:30px!important;margin:0!important;transform:rotateY(180deg)}#gspb_iconBox-id-gsbp-45dde79{display:flex}@media (max-width:991.98px){#gspb_iconBox-id-gsbp-45dde79{justify-content:center}}#gspb_iconBox-id-gsbp-45dde79 svg,#gspb_iconBox-id-gsbp-45dde79 svg path,#gspb_iconBox-id-gsbp-45dde79 svg:hover,#gspb_iconBox-id-gsbp-45dde79 svg:hover path{fill:var(--theme-link-initial-color, #2184f9)!important}#gspb_iconBox-id-gsbp-45dde79 .gspb_iconBox__wrapper{margin-top:0;margin-bottom:15px}#gspb_heading-id-gsbp-ffac296{font-size:20px}@media (max-width:991.98px){#gspb_heading-id-gsbp-ffac296,#gspb_heading-id-gsbp-ffac296 .gsap-g-line{text-align:center!important}}#gspb_heading-id-gsbp-ffac296{margin-top:0;margin-bottom:5px}@media (max-width:991.98px){.gspb_text-id-gsbp-796777c,.gspb_text-id-gsbp-796777c .gsap-g-line{text-align:center!important}}.gspb_text-id-gsbp-796777c{color:var(--wp--preset--color--palette-color-2, var(--theme-palette-color-2, #24417C));margin-top:0!important;margin-bottom:14px!important}#gspb_iconBox-id-gsbp-e1f4a87{display:flex}@media (max-width:991.98px){#gspb_iconBox-id-gsbp-e1f4a87{justify-content:center}}#gspb_iconBox-id-gsbp-e1f4a87 svg,#gspb_iconBox-id-gsbp-e1f4a87 svg path,#gspb_iconBox-id-gsbp-e1f4a87 svg:hover,#gspb_iconBox-id-gsbp-e1f4a87 svg:hover path{fill:var(--theme-link-initial-color, #2184f9)!important}#gspb_iconBox-id-gsbp-e1f4a87 .gspb_iconBox__wrapper{margin-top:0;margin-bottom:15px}#gspb_heading-id-gsbp-e3d6d52{font-size:20px}@media (max-width:991.98px){#gspb_heading-id-gsbp-e3d6d52,#gspb_heading-id-gsbp-e3d6d52 .gsap-g-line{text-align:center!important}}#gspb_heading-id-gsbp-e3d6d52{margin-top:0;margin-bottom:5px}@media (max-width:991.98px){.gspb_text-id-gsbp-a6fe7af,.gspb_text-id-gsbp-a6fe7af .gsap-g-line{text-align:center!important}}.gspb_text-id-gsbp-a6fe7af{color:var(--wp--preset--color--palette-color-2, var(--theme-palette-color-2, #24417C));margin-bottom:18px!important}#gspb_iconBox-id-gsbp-a03404c svg,#gspb_iconBox-id-gsbp-e1f4a87 svg{height:30px!important;width:30px!important;min-width:30px!important;margin:0!important;transform:rotateY(180deg)}#gspb_iconBox-id-gsbp-a03404c{display:flex}@media (max-width:991.98px){#gspb_iconBox-id-gsbp-a03404c{justify-content:center}}#gspb_iconBox-id-gsbp-a03404c svg,#gspb_iconBox-id-gsbp-a03404c svg path,#gspb_iconBox-id-gsbp-a03404c svg:hover,#gspb_iconBox-id-gsbp-a03404c svg:hover path{fill:var(--theme-link-initial-color, #2184f9)!important}#gspb_iconBox-id-gsbp-a03404c .gspb_iconBox__wrapper{margin-top:0;margin-bottom:15px}#gspb_heading-id-gsbp-eddc1ee{font-size:20px}@media (max-width:991.98px){#gspb_heading-id-gsbp-eddc1ee,#gspb_heading-id-gsbp-eddc1ee .gsap-g-line{text-align:center!important}}#gspb_heading-id-gsbp-eddc1ee{margin-top:0;margin-bottom:5px}@media (max-width:991.98px){.gspb_text-id-gsbp-178d72b,.gspb_text-id-gsbp-178d72b .gsap-g-line{text-align:center!important}}.gspb_text-id-gsbp-178d72b{color:var(--wp--preset--color--palette-color-2, var(--theme-palette-color-2, #24417C))}#gspb_col-id-gsbp-46d49b7.gspb_row__col--6{width:calc(50% - 40px)}@media (max-width:991.98px){#gspb_col-id-gsbp-46d49b7.gspb_row__col--6{width:100%}}@media (max-width:767.98px){#gspb_col-id-gsbp-46d49b7.gspb_row__col--6{width:calc(100% - 40px)}}@media (max-width:575.98px){#gspb_col-id-gsbp-46d49b7.gspb_row__col--6{width:100%}}@media (min-width:992px){body.gspb-bodyfront #gspb_col-id-gsbp-46d49b7.gspb_row__col--6{width:calc(55% - 0px - 40px)}}.gspb_row #gspb_col-id-gsbp-46d49b7.gspb_row__col--6{padding:0}@media (max-width:991.98px){#gspb_heading-id-gsbp-d1b4c76{font-size:30px}}@media (max-width:575.98px){#gspb_heading-id-gsbp-d1b4c76{font-size:25px}}@media (max-width:991.98px){#gspb_heading-id-gsbp-d1b4c76,#gspb_heading-id-gsbp-d1b4c76 .gsap-g-line{text-align:center!important}}#gspb_heading-id-gsbp-d1b4c76{margin-top:0;margin-bottom:10px}@media (max-width:991.98px){.gspb_text-id-gsbp-2c13756,.gspb_text-id-gsbp-2c13756 .gsap-g-line{text-align:center!important}}.gspb_text-id-gsbp-2c13756{margin-bottom:40px!important}.gspb_container-id-gsbp-318027b{flex-direction:column;box-sizing:border-box}#gspb_container-id-gsbp-318027b.gspb_container{position:relative;background-color:var(--wp--preset--color--palette-color-7, var(--theme-palette-color-7, #F7FAFD));height:115px}.gspb_id-gsbp-7de8d3d{display:flex;overflow:hidden;border-top-left-radius:25px;border-top-right-radius:25px;border-bottom-right-radius:25px;border-bottom-left-radius:25px}.gspb_id-gsbp-7de8d3d .gspb_map-wrapper{width:100%;height:400px;isolation:isolate}","footnotes":""},"class_list":["post-16","page","type-page","status-publish","hentry"],"blocksy_meta":{"has_hero_section":"disabled","vertical_spacing_source":"custom","content_area_spacing":"none","styles_descriptor":{"styles":{"desktop":"","tablet":"","mobile":""},"google_fonts":[],"version":6}},"yoast_head":"<!-- This site is optimized with the Yoast SEO plugin v27.4 - https:\/\/yoast.com\/product\/yoast-seo-wordpress\/ -->\n<title>\u0130LET\u0130\u015e\u0130M - Afyon Konteyner<\/title>\n<meta name=\"robots\" content=\"index, follow, max-snippet:-1, max-image-preview:large, max-video-preview:-1\" \/>\n<link rel=\"canonical\" href=\"https:\/\/afyonkonteyner.com.tr\/index.php\/contact\/\" \/>\n<meta property=\"og:locale\" content=\"tr_TR\" \/>\n<meta property=\"og:type\" content=\"article\" \/>\n<meta property=\"og:title\" content=\"\u0130LET\u0130\u015e\u0130M - Afyon Konteyner\" \/>\n<meta property=\"og:url\" content=\"https:\/\/afyonkonteyner.com.tr\/index.php\/contact\/\" \/>\n<meta property=\"og:site_name\" content=\"Afyon Konteyner\" \/>\n<meta property=\"article:modified_time\" content=\"2025-09-02T00:42:33+00:00\" \/>\n<meta name=\"twitter:card\" content=\"summary_large_image\" \/>\n<script type=\"application\/ld+json\" class=\"yoast-schema-graph\">{\"@context\":\"https:\\\/\\\/schema.org\",\"@graph\":[{\"@type\":\"WebPage\",\"@id\":\"https:\\\/\\\/afyonkonteyner.com.tr\\\/index.php\\\/contact\\\/\",\"url\":\"https:\\\/\\\/afyonkonteyner.com.tr\\\/index.php\\\/contact\\\/\",\"name\":\"\u0130LET\u0130\u015e\u0130M - Afyon Konteyner\",\"isPartOf\":{\"@id\":\"https:\\\/\\\/afyonkonteyner.com.tr\\\/#website\"},\"datePublished\":\"2024-01-29T16:48:23+00:00\",\"dateModified\":\"2025-09-02T00:42:33+00:00\",\"breadcrumb\":{\"@id\":\"https:\\\/\\\/afyonkonteyner.com.tr\\\/index.php\\\/contact\\\/#breadcrumb\"},\"inLanguage\":\"tr\",\"potentialAction\":[{\"@type\":\"ReadAction\",\"target\":[\"https:\\\/\\\/afyonkonteyner.com.tr\\\/index.php\\\/contact\\\/\"]}]},{\"@type\":\"BreadcrumbList\",\"@id\":\"https:\\\/\\\/afyonkonteyner.com.tr\\\/index.php\\\/contact\\\/#breadcrumb\",\"itemListElement\":[{\"@type\":\"ListItem\",\"position\":1,\"name\":\"Anasayfa\",\"item\":\"https:\\\/\\\/afyonkonteyner.com.tr\\\/\"},{\"@type\":\"ListItem\",\"position\":2,\"name\":\"\u0130LET\u0130\u015e\u0130M\"}]},{\"@type\":\"WebSite\",\"@id\":\"https:\\\/\\\/afyonkonteyner.com.tr\\\/#website\",\"url\":\"https:\\\/\\\/afyonkonteyner.com.tr\\\/\",\"name\":\"Afyon Konteyner\",\"description\":\"\",\"publisher\":{\"@id\":\"https:\\\/\\\/afyonkonteyner.com.tr\\\/#organization\"},\"potentialAction\":[{\"@type\":\"SearchAction\",\"target\":{\"@type\":\"EntryPoint\",\"urlTemplate\":\"https:\\\/\\\/afyonkonteyner.com.tr\\\/?s={search_term_string}\"},\"query-input\":{\"@type\":\"PropertyValueSpecification\",\"valueRequired\":true,\"valueName\":\"search_term_string\"}}],\"inLanguage\":\"tr\"},{\"@type\":\"Organization\",\"@id\":\"https:\\\/\\\/afyonkonteyner.com.tr\\\/#organization\",\"name\":\"Afyon Konteyner\",\"url\":\"https:\\\/\\\/afyonkonteyner.com.tr\\\/\",\"logo\":{\"@type\":\"ImageObject\",\"inLanguage\":\"tr\",\"@id\":\"https:\\\/\\\/afyonkonteyner.com.tr\\\/#\\\/schema\\\/logo\\\/image\\\/\",\"url\":\"https:\\\/\\\/afyonkonteyner.com.tr\\\/wp-content\\\/uploads\\\/2025\\\/08\\\/gonbeler-logo.psd-1-scaled.png\",\"contentUrl\":\"https:\\\/\\\/afyonkonteyner.com.tr\\\/wp-content\\\/uploads\\\/2025\\\/08\\\/gonbeler-logo.psd-1-scaled.png\",\"width\":2560,\"height\":1726,\"caption\":\"Afyon Konteyner\"},\"image\":{\"@id\":\"https:\\\/\\\/afyonkonteyner.com.tr\\\/#\\\/schema\\\/logo\\\/image\\\/\"}}]}<\/script>\n<!-- \/ Yoast SEO plugin. -->","yoast_head_json":{"title":"\u0130LET\u0130\u015e\u0130M - Afyon Konteyner","robots":{"index":"index","follow":"follow","max-snippet":"max-snippet:-1","max-image-preview":"max-image-preview:large","max-video-preview":"max-video-preview:-1"},"canonical":"https:\/\/afyonkonteyner.com.tr\/index.php\/contact\/","og_locale":"tr_TR","og_type":"article","og_title":"\u0130LET\u0130\u015e\u0130M - Afyon Konteyner","og_url":"https:\/\/afyonkonteyner.com.tr\/index.php\/contact\/","og_site_name":"Afyon Konteyner","article_modified_time":"2025-09-02T00:42:33+00:00","twitter_card":"summary_large_image","schema":{"@context":"https:\/\/schema.org","@graph":[{"@type":"WebPage","@id":"https:\/\/afyonkonteyner.com.tr\/index.php\/contact\/","url":"https:\/\/afyonkonteyner.com.tr\/index.php\/contact\/","name":"\u0130LET\u0130\u015e\u0130M - Afyon Konteyner","isPartOf":{"@id":"https:\/\/afyonkonteyner.com.tr\/#website"},"datePublished":"2024-01-29T16:48:23+00:00","dateModified":"2025-09-02T00:42:33+00:00","breadcrumb":{"@id":"https:\/\/afyonkonteyner.com.tr\/index.php\/contact\/#breadcrumb"},"inLanguage":"tr","potentialAction":[{"@type":"ReadAction","target":["https:\/\/afyonkonteyner.com.tr\/index.php\/contact\/"]}]},{"@type":"BreadcrumbList","@id":"https:\/\/afyonkonteyner.com.tr\/index.php\/contact\/#breadcrumb","itemListElement":[{"@type":"ListItem","position":1,"name":"Anasayfa","item":"https:\/\/afyonkonteyner.com.tr\/"},{"@type":"ListItem","position":2,"name":"\u0130LET\u0130\u015e\u0130M"}]},{"@type":"WebSite","@id":"https:\/\/afyonkonteyner.com.tr\/#website","url":"https:\/\/afyonkonteyner.com.tr\/","name":"Afyon Konteyner","description":"","publisher":{"@id":"https:\/\/afyonkonteyner.com.tr\/#organization"},"potentialAction":[{"@type":"SearchAction","target":{"@type":"EntryPoint","urlTemplate":"https:\/\/afyonkonteyner.com.tr\/?s={search_term_string}"},"query-input":{"@type":"PropertyValueSpecification","valueRequired":true,"valueName":"search_term_string"}}],"inLanguage":"tr"},{"@type":"Organization","@id":"https:\/\/afyonkonteyner.com.tr\/#organization","name":"Afyon Konteyner","url":"https:\/\/afyonkonteyner.com.tr\/","logo":{"@type":"ImageObject","inLanguage":"tr","@id":"https:\/\/afyonkonteyner.com.tr\/#\/schema\/logo\/image\/","url":"https:\/\/afyonkonteyner.com.tr\/wp-content\/uploads\/2025\/08\/gonbeler-logo.psd-1-scaled.png","contentUrl":"https:\/\/afyonkonteyner.com.tr\/wp-content\/uploads\/2025\/08\/gonbeler-logo.psd-1-scaled.png","width":2560,"height":1726,"caption":"Afyon Konteyner"},"image":{"@id":"https:\/\/afyonkonteyner.com.tr\/#\/schema\/logo\/image\/"}}]}},"_links":{"self":[{"href":"https:\/\/afyonkonteyner.com.tr\/index.php\/wp-json\/wp\/v2\/pages\/16","targetHints":{"allow":["GET"]}}],"collection":[{"href":"https:\/\/afyonkonteyner.com.tr\/index.php\/wp-json\/wp\/v2\/pages"}],"about":[{"href":"https:\/\/afyonkonteyner.com.tr\/index.php\/wp-json\/wp\/v2\/types\/page"}],"author":[{"embeddable":true,"href":"https:\/\/afyonkonteyner.com.tr\/index.php\/wp-json\/wp\/v2\/users\/1"}],"replies":[{"embeddable":true,"href":"https:\/\/afyonkonteyner.com.tr\/index.php\/wp-json\/wp\/v2\/comments?post=16"}],"version-history":[{"count":3,"href":"https:\/\/afyonkonteyner.com.tr\/index.php\/wp-json\/wp\/v2\/pages\/16\/revisions"}],"predecessor-version":[{"id":603,"href":"https:\/\/afyonkonteyner.com.tr\/index.php\/wp-json\/wp\/v2\/pages\/16\/revisions\/603"}],"wp:attachment":[{"href":"https:\/\/afyonkonteyner.com.tr\/index.php\/wp-json\/wp\/v2\/media?parent=16"}],"curies":[{"name":"wp","href":"https:\/\/api.w.org\/{rel}","templated":true}]}}